{"id":783,"date":"2024-07-09T16:36:51","date_gmt":"2024-07-09T19:36:51","guid":{"rendered":"https:\/\/bancastro.com.br\/?page_id=783"},"modified":"2024-07-10T16:30:41","modified_gmt":"2024-07-10T19:30:41","slug":"venda-online","status":"publish","type":"page","link":"https:\/\/bancastro.com.br\/index.php\/venda-online\/","title":{"rendered":"Venda online"},"content":{"rendered":"\t\t<div data-elementor-type=\"wp-page\" data-elementor-id=\"783\" class=\"elementor elementor-783\">\n\t\t\t\t\t\t\t\t\t<section class=\"elementor-section elementor-top-section elementor-element elementor-element-0122a85 elementor-section-content-middle elementor-section-boxed elementor-section-height-default elementor-section-height-default\" data-id=\"0122a85\" data-element_type=\"section\">\n\t\t\t\t\t\t<div class=\"elementor-container elementor-column-gap-default\">\n\t\t\t\t\t<div class=\"elementor-column elementor-col-50 elementor-top-column elementor-element elementor-element-531d4e1\" data-id=\"531d4e1\" data-element_type=\"column\">\n\t\t\t<div class=\"elementor-widget-wrap elementor-element-populated\">\n\t\t\t\t\t\t\t\t<div class=\"elementor-element elementor-element-eb4e8a2 elementor-widget elementor-widget-image\" data-id=\"eb4e8a2\" data-element_type=\"widget\" data-widget_type=\"image.default\">\n\t\t\t\t<div class=\"elementor-widget-container\">\n\t\t\t<style>\/*! elementor - v3.7.0 - 08-08-2022 *\/\n.elementor-widget-image{text-align:center}.elementor-widget-image a{display:inline-block}.elementor-widget-image a img[src$=\".svg\"]{width:48px}.elementor-widget-image img{vertical-align:middle;display:inline-block}<\/style>\t\t\t\t\t\t\t\t\t\t\t\t<img width=\"800\" height=\"480\" src=\"https:\/\/bancastro.com.br\/wp-content\/uploads\/2024\/06\/65bce8a9ae4dc901daad4408_cartao2-p-800.png\" class=\"attachment-large size-large\" alt=\"\" loading=\"lazy\" srcset=\"https:\/\/bancastro.com.br\/wp-content\/uploads\/2024\/06\/65bce8a9ae4dc901daad4408_cartao2-p-800.png 800w, https:\/\/bancastro.com.br\/wp-content\/uploads\/2024\/06\/65bce8a9ae4dc901daad4408_cartao2-p-800-300x180.png 300w, https:\/\/bancastro.com.br\/wp-content\/uploads\/2024\/06\/65bce8a9ae4dc901daad4408_cartao2-p-800-768x461.png 768w\" sizes=\"(max-width: 800px) 100vw, 800px\" \/>\t\t\t\t\t\t\t\t\t\t\t\t\t\t\t<\/div>\n\t\t\t\t<\/div>\n\t\t\t\t\t<\/div>\n\t\t<\/div>\n\t\t\t\t<div class=\"elementor-column elementor-col-50 elementor-top-column elementor-element elementor-element-05bd92e\" data-id=\"05bd92e\" data-element_type=\"column\">\n\t\t\t<div class=\"elementor-widget-wrap elementor-element-populated\">\n\t\t\t\t\t\t\t\t<div class=\"elementor-element elementor-element-093a94e elementor-widget elementor-widget-text-editor\" data-id=\"093a94e\" data-element_type=\"widget\" data-widget_type=\"text-editor.default\">\n\t\t\t\t<div class=\"elementor-widget-container\">\n\t\t\t<style>\/*! elementor - v3.7.0 - 08-08-2022 *\/\n.elementor-widget-text-editor.elementor-drop-cap-view-stacked .elementor-drop-cap{background-color:#818a91;color:#fff}.elementor-widget-text-editor.elementor-drop-cap-view-framed .elementor-drop-cap{color:#818a91;border:3px solid;background-color:transparent}.elementor-widget-text-editor:not(.elementor-drop-cap-view-default) .elementor-drop-cap{margin-top:8px}.elementor-widget-text-editor:not(.elementor-drop-cap-view-default) .elementor-drop-cap-letter{width:1em;height:1em}.elementor-widget-text-editor .elementor-drop-cap{float:left;text-align:center;line-height:1;font-size:50px}.elementor-widget-text-editor .elementor-drop-cap-letter{display:inline-block}<\/style>\t\t\t\t<h1><span style=\"color: #ff6600;\"><b>Bem-vindo \u00e0 Solu\u00e7\u00e3o de Pagamentos Online Ideal para o Seu Neg\u00f3cio!<\/b><\/span><b><\/b><\/h1><h6><span style=\"color: #333333;\">Na era digital, a efici\u00eancia nos pagamentos \u00e9 essencial para o sucesso de qualquer empresa. Com nossos planos flex\u00edveis D2, D15 e D30, voc\u00ea tem a liberdade de escolher o melhor prazo de recebimento para suas necessidades financeiras, garantindo conveni\u00eancia e seguran\u00e7a em cada transa\u00e7\u00e3o.<\/span><\/h6><div style=\"font-weight: bold;\">\u00a0<\/div><div>\u00a0<\/div>\t\t\t\t\t\t<\/div>\n\t\t\t\t<\/div>\n\t\t\t\t\t<\/div>\n\t\t<\/div>\n\t\t\t\t\t\t\t<\/div>\n\t\t<\/section>\n\t\t\t\t<section class=\"elementor-section elementor-top-section elementor-element elementor-element-58a3133 elementor-section-boxed elementor-section-height-default elementor-section-height-default\" data-id=\"58a3133\" data-element_type=\"section\">\n\t\t\t\t\t\t<div class=\"elementor-container elementor-column-gap-default\">\n\t\t\t\t\t<div class=\"elementor-column elementor-col-100 elementor-top-column elementor-element elementor-element-167d7b4\" data-id=\"167d7b4\" data-element_type=\"column\">\n\t\t\t<div class=\"elementor-widget-wrap elementor-element-populated\">\n\t\t\t\t\t\t\t\t<div class=\"elementor-element elementor-element-caccf96 elementor-widget elementor-widget-spacer\" data-id=\"caccf96\" data-element_type=\"widget\" data-widget_type=\"spacer.default\">\n\t\t\t\t<div class=\"elementor-widget-container\">\n\t\t\t<style>\/*! elementor - v3.7.0 - 08-08-2022 *\/\n.elementor-column .elementor-spacer-inner{height:var(--spacer-size)}.e-container{--container-widget-width:100%}.e-container>.elementor-widget-spacer{width:var(--container-widget-width,var(--spacer-size));-ms-flex-item-align:stretch;align-self:stretch;-ms-flex-negative:0;flex-shrink:0}.e-container>.elementor-widget-spacer>.elementor-widget-container,.e-container>.elementor-widget-spacer>.elementor-widget-container>.elementor-spacer{height:100%}.e-container>.elementor-widget-spacer>.elementor-widget-container>.elementor-spacer>.elementor-spacer-inner{height:var(--container-widget-height,var(--spacer-size))}<\/style>\t\t<div class=\"elementor-spacer\">\n\t\t\t<div class=\"elementor-spacer-inner\"><\/div>\n\t\t<\/div>\n\t\t\t\t<\/div>\n\t\t\t\t<\/div>\n\t\t\t\t\t<\/div>\n\t\t<\/div>\n\t\t\t\t\t\t\t<\/div>\n\t\t<\/section>\n\t\t\t\t<section class=\"elementor-section elementor-top-section elementor-element elementor-element-e5ec6d0 elementor-section-boxed elementor-section-height-default elementor-section-height-default\" data-id=\"e5ec6d0\" data-element_type=\"section\">\n\t\t\t\t\t\t<div class=\"elementor-container elementor-column-gap-default\">\n\t\t\t\t\t<div class=\"elementor-column elementor-col-100 elementor-top-column elementor-element elementor-element-a1b9500\" data-id=\"a1b9500\" data-element_type=\"column\">\n\t\t\t<div class=\"elementor-widget-wrap elementor-element-populated\">\n\t\t\t\t\t\t\t\t<div class=\"elementor-element elementor-element-c9d00dc elementor-widget elementor-widget-heading\" data-id=\"c9d00dc\" data-element_type=\"widget\" data-widget_type=\"heading.default\">\n\t\t\t\t<div class=\"elementor-widget-container\">\n\t\t\t<style>\/*! elementor - v3.7.0 - 08-08-2022 *\/\n.elementor-heading-title{padding:0;margin:0;line-height:1}.elementor-widget-heading .elementor-heading-title[class*=elementor-size-]>a{color:inherit;font-size:inherit;line-height:inherit}.elementor-widget-heading .elementor-heading-title.elementor-size-small{font-size:15px}.elementor-widget-heading .elementor-heading-title.elementor-size-medium{font-size:19px}.elementor-widget-heading .elementor-heading-title.elementor-size-large{font-size:29px}.elementor-widget-heading .elementor-heading-title.elementor-size-xl{font-size:39px}.elementor-widget-heading .elementor-heading-title.elementor-size-xxl{font-size:59px}<\/style><h2 class=\"elementor-heading-title elementor-size-default\">Nossos Planos de Pagamento<\/h2>\t\t<\/div>\n\t\t\t\t<\/div>\n\t\t\t\t\t<\/div>\n\t\t<\/div>\n\t\t\t\t\t\t\t<\/div>\n\t\t<\/section>\n\t\t\t\t<section class=\"elementor-section elementor-top-section elementor-element elementor-element-3cf4a4e elementor-section-boxed elementor-section-height-default elementor-section-height-default\" data-id=\"3cf4a4e\" data-element_type=\"section\">\n\t\t\t\t\t\t<div class=\"elementor-container elementor-column-gap-default\">\n\t\t\t\t\t<div class=\"elementor-column elementor-col-100 elementor-top-column elementor-element elementor-element-cb353f7\" data-id=\"cb353f7\" data-element_type=\"column\">\n\t\t\t<div class=\"elementor-widget-wrap elementor-element-populated\">\n\t\t\t\t\t\t\t\t<div class=\"elementor-element elementor-element-ea1ca5d elementor-widget elementor-widget-spacer\" data-id=\"ea1ca5d\" data-element_type=\"widget\" data-widget_type=\"spacer.default\">\n\t\t\t\t<div class=\"elementor-widget-container\">\n\t\t\t\t\t<div class=\"elementor-spacer\">\n\t\t\t<div class=\"elementor-spacer-inner\"><\/div>\n\t\t<\/div>\n\t\t\t\t<\/div>\n\t\t\t\t<\/div>\n\t\t\t\t\t<\/div>\n\t\t<\/div>\n\t\t\t\t\t\t\t<\/div>\n\t\t<\/section>\n\t\t\t\t<section class=\"elementor-section elementor-top-section elementor-element elementor-element-1ed4486 elementor-section-boxed elementor-section-height-default elementor-section-height-default\" data-id=\"1ed4486\" data-element_type=\"section\">\n\t\t\t\t\t\t<div class=\"elementor-container elementor-column-gap-default\">\n\t\t\t\t\t<div class=\"elementor-column elementor-col-33 elementor-top-column elementor-element elementor-element-8e159ab\" data-id=\"8e159ab\" data-element_type=\"column\">\n\t\t\t<div class=\"elementor-widget-wrap elementor-element-populated\">\n\t\t\t\t\t\t\t\t<div class=\"elementor-element elementor-element-d6f8de1 elementor-widget elementor-widget-text-editor\" data-id=\"d6f8de1\" data-element_type=\"widget\" data-widget_type=\"text-editor.default\">\n\t\t\t\t<div class=\"elementor-widget-container\">\n\t\t\t\t\t\t\t<h2 style=\"text-align: center;\"><span style=\"color: #ff6600;\">Plano D2<\/span><\/h2><p style=\"text-align: center;\">Receba em at\u00e9 2 dias \u00fateis<\/p><ul><li><h6><strong>Defini\u00e7\u00e3o:\u00a0<\/strong>Pagamento realizado em at\u00e9 2 dias \u00fateis ap\u00f3s a confirma\u00e7\u00e3o da transa\u00e7\u00e3o.<\/h6><\/li><li><h6>\u00a0<strong>Benef\u00edcios:\u00a0<\/strong>Fluxo de caixa r\u00e1pido e eficiente, perfeito para reinvestimento imediato no neg\u00f3cio.<\/h6><\/li><\/ul>\t\t\t\t\t\t<\/div>\n\t\t\t\t<\/div>\n\t\t\t\t\t<\/div>\n\t\t<\/div>\n\t\t\t\t<div class=\"elementor-column elementor-col-33 elementor-top-column elementor-element elementor-element-d2eeb4f\" data-id=\"d2eeb4f\" data-element_type=\"column\">\n\t\t\t<div class=\"elementor-widget-wrap elementor-element-populated\">\n\t\t\t\t\t\t\t\t<div class=\"elementor-element elementor-element-05740b4 elementor-widget elementor-widget-text-editor\" data-id=\"05740b4\" data-element_type=\"widget\" data-widget_type=\"text-editor.default\">\n\t\t\t\t<div class=\"elementor-widget-container\">\n\t\t\t\t\t\t\t<h2 style=\"text-align: center;\"><span style=\"color: #ff6600;\">Plano D15<\/span><\/h2><p style=\"text-align: center;\">Receba em 15 Dias \u00dateis<\/p><ul><li><strong>Defini\u00e7\u00e3o:<\/strong> Pagamento realizado em at\u00e9 15 dias \u00fateis ap\u00f3s a confirma\u00e7\u00e3o da transa\u00e7\u00e3o.\u00a0<\/li><\/ul><div>\u00a0<\/div><ul><li><strong>Benef\u00edcios:\u00a0<\/strong>Equil\u00edbrio entre rapidez e planejamento financeiro, e tempo adequado para gest\u00e3o de contas.<\/li><\/ul>\t\t\t\t\t\t<\/div>\n\t\t\t\t<\/div>\n\t\t\t\t\t<\/div>\n\t\t<\/div>\n\t\t\t\t<div class=\"elementor-column elementor-col-33 elementor-top-column elementor-element elementor-element-24956ec\" data-id=\"24956ec\" data-element_type=\"column\">\n\t\t\t<div class=\"elementor-widget-wrap elementor-element-populated\">\n\t\t\t\t\t\t\t\t<div class=\"elementor-element elementor-element-36efda5 elementor-widget elementor-widget-text-editor\" data-id=\"36efda5\" data-element_type=\"widget\" data-widget_type=\"text-editor.default\">\n\t\t\t\t<div class=\"elementor-widget-container\">\n\t\t\t\t\t\t\t<h2 style=\"text-align: center;\"><span style=\"color: #ff6600;\">Plano D30<\/span><\/h2><p style=\"text-align: center;\">Receba em 30 Dias \u00dateis<\/p><ul><li><strong>Defini\u00e7\u00e3o:<\/strong> Pagamento realizado em at\u00e9 30 dias \u00fateis ap\u00f3s a confirma\u00e7\u00e3o da transa\u00e7\u00e3o.<\/li><\/ul><div>\u00a0<\/div><ul><li><strong>Benef\u00edcios: <\/strong>Maior previsibilidade financeira, perfeito para ciclos de pagamento mais longos.<p><strong>\u00a0<\/strong><\/p><\/li><\/ul>\t\t\t\t\t\t<\/div>\n\t\t\t\t<\/div>\n\t\t\t\t\t<\/div>\n\t\t<\/div>\n\t\t\t\t\t\t\t<\/div>\n\t\t<\/section>\n\t\t\t\t<section class=\"elementor-section elementor-top-section elementor-element elementor-element-c008a34 elementor-section-boxed elementor-section-height-default elementor-section-height-default\" data-id=\"c008a34\" data-element_type=\"section\">\n\t\t\t\t\t\t<div class=\"elementor-container elementor-column-gap-default\">\n\t\t\t\t\t<div class=\"elementor-column elementor-col-100 elementor-top-column elementor-element elementor-element-5a2f779\" data-id=\"5a2f779\" data-element_type=\"column\">\n\t\t\t<div class=\"elementor-widget-wrap elementor-element-populated\">\n\t\t\t\t\t\t\t\t<div class=\"elementor-element elementor-element-71a367b elementor-widget elementor-widget-image\" data-id=\"71a367b\" data-element_type=\"widget\" data-widget_type=\"image.default\">\n\t\t\t\t<div class=\"elementor-widget-container\">\n\t\t\t\t\t\t\t\t\t\t\t\t\t\t\t<img width=\"647\" height=\"627\" src=\"https:\/\/bancastro.com.br\/wp-content\/uploads\/2024\/07\/TESTE2.png\" class=\"attachment-large size-large\" alt=\"\" loading=\"lazy\" srcset=\"https:\/\/bancastro.com.br\/wp-content\/uploads\/2024\/07\/TESTE2.png 647w, https:\/\/bancastro.com.br\/wp-content\/uploads\/2024\/07\/TESTE2-300x291.png 300w\" sizes=\"(max-width: 647px) 100vw, 647px\" \/>\t\t\t\t\t\t\t\t\t\t\t\t\t\t\t<\/div>\n\t\t\t\t<\/div>\n\t\t\t\t\t<\/div>\n\t\t<\/div>\n\t\t\t\t\t\t\t<\/div>\n\t\t<\/section>\n\t\t\t\t\t\t\t<\/div>\n\t\t","protected":false},"excerpt":{"rendered":"<p>Bem-vindo \u00e0 Solu\u00e7\u00e3o de Pagamentos Online Ideal para o Seu Neg\u00f3cio! Na era digital, a efici\u00eancia nos pagamentos \u00e9 essencial para o sucesso de qualquer empresa. Com nossos planos flex\u00edveis D2, D15 e D30, voc\u00ea tem a liberdade de escolher o melhor prazo de recebimento para suas necessidades financeiras, garantindo conveni\u00eancia e seguran\u00e7a em cada [&hellip;]<\/p>\n","protected":false},"author":1,"featured_media":0,"parent":0,"menu_order":0,"comment_status":"closed","ping_status":"closed","template":"","meta":{"om_disable_all_campaigns":false,"_monsterinsights_skip_tracking":false,"_monsterinsights_sitenote_active":false,"_monsterinsights_sitenote_note":"","_monsterinsights_sitenote_category":0},"aioseo_notices":[],"_links":{"self":[{"href":"https:\/\/bancastro.com.br\/index.php\/wp-json\/wp\/v2\/pages\/783"}],"collection":[{"href":"https:\/\/bancastro.com.br\/index.php\/wp-json\/wp\/v2\/pages"}],"about":[{"href":"https:\/\/bancastro.com.br\/index.php\/wp-json\/wp\/v2\/types\/page"}],"author":[{"embeddable":true,"href":"https:\/\/bancastro.com.br\/index.php\/wp-json\/wp\/v2\/users\/1"}],"replies":[{"embeddable":true,"href":"https:\/\/bancastro.com.br\/index.php\/wp-json\/wp\/v2\/comments?post=783"}],"version-history":[{"count":16,"href":"https:\/\/bancastro.com.br\/index.php\/wp-json\/wp\/v2\/pages\/783\/revisions"}],"predecessor-version":[{"id":804,"href":"https:\/\/bancastro.com.br\/index.php\/wp-json\/wp\/v2\/pages\/783\/revisions\/804"}],"wp:attachment":[{"href":"https:\/\/bancastro.com.br\/index.php\/wp-json\/wp\/v2\/media?parent=783"}],"curies":[{"name":"wp","href":"https:\/\/api.w.org\/{rel}","templated":true}]}}